{"id":129,"date":"2026-02-11T09:26:14","date_gmt":"2026-02-11T09:26:14","guid":{"rendered":"http:\/\/brandbookpro.ai\/password-reset\/"},"modified":"2026-02-27T10:40:44","modified_gmt":"2026-02-27T10:40:44","slug":"password-reset","status":"publish","type":"page","link":"https:\/\/brandbookpro.ai\/fr\/password-reset\/","title":{"rendered":"R\u00e9initialisation du mot de passe"},"content":{"rendered":"<div class=\"fusion-fullwidth fullwidth-box fusion-builder-row-1 fusion-flex-container has-pattern-background has-mask-background nonhundred-percent-fullwidth non-hundred-percent-height-scrolling\" style=\"--awb-border-radius-top-left:0px;--awb-border-radius-top-right:0px;--awb-border-radius-bottom-right:0px;--awb-border-radius-bottom-left:0px;--awb-background-color:var(--awb-color6);--awb-flex-wrap:wrap;\" ><div class=\"fusion-builder-row fusion-row fusion-flex-align-items-flex-start fusion-flex-content-wrap\" style=\"max-width:1248px;margin-left: calc(-4% \/ 2 );margin-right: calc(-4% \/ 2 );\"><div class=\"fusion-layout-column fusion_builder_column fusion-builder-column-0 fusion_builder_column_1_2 1_2 fusion-flex-column\" style=\"--awb-padding-top:15px;--awb-padding-right:30px;--awb-padding-bottom:15px;--awb-padding-left:30px;--awb-overflow:hidden;--awb-bg-color:var(--awb-color4);--awb-bg-color-hover:var(--awb-color4);--awb-bg-size:cover;--awb-border-radius:15px 15px 15px 15px;--awb-width-large:50%;--awb-margin-top-large:0px;--awb-spacing-right-large:3.84%;--awb-margin-bottom-large:0px;--awb-spacing-left-large:3.84%;--awb-width-medium:50%;--awb-order-medium:0;--awb-spacing-right-medium:3.84%;--awb-spacing-left-medium:3.84%;--awb-width-small:100%;--awb-order-small:0;--awb-spacing-right-small:1.92%;--awb-spacing-left-small:1.92%;\" data-scroll-devices=\"small-visibility,medium-visibility,large-visibility\"><div class=\"fusion-column-wrapper fusion-column-has-shadow fusion-flex-justify-content-flex-start fusion-content-layout-column\"><div class=\"fusion-title title fusion-title-1 fusion-sep-none fusion-title-text fusion-title-size-two\"><h2 class=\"fusion-title-heading title-heading-left awb-gradient-text\" style=\"font-family:&quot;Raleway&quot;;font-style:normal;font-weight:700;margin:0;background-color:var(--awb-color2);background-image:linear-gradient(45deg, var(--awb-color2) 0%,var(--awb-color3) 100%);\">R\u00e9initialisation du mot de passe<\/h2><\/div><div class=\"fusion-text fusion-text-1\"><div class=\"pms-block-container\">\n<form id=\"pms_recover_password_form\" class=\"pms-form\"  method=\"post\" action=\"\" data-trp-original-action=\"\">\n<p>    <input type=\"hidden\" id=\"pmstkn\" name=\"pmstkn\" value=\"8a675b86fc\" \/><input type=\"hidden\" name=\"_wp_http_referer\" value=\"\/fr\/wp-json\/wp\/v2\/pages\/129\" \/><\/p>\n<p>Veuillez entrer votre identifiant ou votre email<br \/>Vous recevrez un lien par mail pour cr\u00e9er votre nouveau mot de passe<\/p>\n<ul class=\"pms-form-fields-wrapper\">\n<li class=\"pms-field\">\n            <label for=\"pms_username_email\">Identifiant ou email<\/label>\n            <input id=\"pms_username_email\" name=\"pms_username_email\" type=\"text\" value=\"\" \/><\/p>\n<\/li>\n<\/ul>\n<p>    <input type=\"submit\" name=\"wp-submit\" value=\"R\u00e9initialiser le mot de passe\"\/><\/p>\n<input type=\"hidden\" name=\"trp-form-language\" value=\"fr\"\/><\/form>\n<\/div>\n<p>&nbsp;<\/p>\n<\/div><\/div><\/div><div class=\"fusion-layout-column fusion_builder_column fusion-builder-column-1 fusion_builder_column_1_2 1_2 fusion-flex-column\" style=\"--awb-padding-top:20px;--awb-bg-size:cover;--awb-width-large:50%;--awb-margin-top-large:0px;--awb-spacing-right-large:3.84%;--awb-margin-bottom-large:0px;--awb-spacing-left-large:3.84%;--awb-width-medium:50%;--awb-order-medium:0;--awb-spacing-right-medium:3.84%;--awb-spacing-left-medium:3.84%;--awb-width-small:100%;--awb-order-small:0;--awb-spacing-right-small:1.92%;--awb-spacing-left-small:1.92%;\" data-scroll-devices=\"small-visibility,medium-visibility,large-visibility\"><div class=\"fusion-column-wrapper fusion-column-has-shadow fusion-flex-justify-content-flex-start fusion-content-layout-column\"><div class=\"fusion-image-element\" style=\"text-align:center;--awb-max-width:500px;--awb-caption-title-font-family:var(--h2_typography-font-family);--awb-caption-title-font-weight:var(--h2_typography-font-weight);--awb-caption-title-font-style:var(--h2_typography-font-style);--awb-caption-title-size:var(--h2_typography-font-size);--awb-caption-title-transform:var(--h2_typography-text-transform);--awb-caption-title-line-height:var(--h2_typography-line-height);--awb-caption-title-letter-spacing:var(--h2_typography-letter-spacing);\"><span class=\"fusion-imageframe imageframe-none imageframe-1 hover-type-none\"><img decoding=\"async\" width=\"1000\" height=\"780\" title=\"marques-guidelines-brandbookpro-ai-panda\" src=\"https:\/\/brandbookpro.ai\/wp-content\/uploads\/2026\/02\/brand-guidelines-brandbookpro-ai-panda.png\" alt class=\"img-responsive wp-image-16\" srcset=\"https:\/\/brandbookpro.ai\/wp-content\/uploads\/2026\/02\/brand-guidelines-brandbookpro-ai-panda-200x156.png 200w, https:\/\/brandbookpro.ai\/wp-content\/uploads\/2026\/02\/brand-guidelines-brandbookpro-ai-panda-400x312.png 400w, https:\/\/brandbookpro.ai\/wp-content\/uploads\/2026\/02\/brand-guidelines-brandbookpro-ai-panda-600x468.png 600w, https:\/\/brandbookpro.ai\/wp-content\/uploads\/2026\/02\/brand-guidelines-brandbookpro-ai-panda-800x624.png 800w, https:\/\/brandbookpro.ai\/wp-content\/uploads\/2026\/02\/brand-guidelines-brandbookpro-ai-panda.png 1000w\" sizes=\"(max-width: 640px) 100vw, 600px\" \/><\/span><\/div><\/div><\/div><\/div><\/div>","protected":false},"excerpt":{"rendered":"","protected":false},"author":1,"featured_media":0,"parent":0,"menu_order":0,"comment_status":"closed","ping_status":"closed","template":"100-width.php","meta":{"footnotes":""},"class_list":["post-129","page","type-page","status-publish","hentry"],"yoast_head":"<!-- This site is optimized with the Yoast SEO plugin v27.2 - https:\/\/yoast.com\/product\/yoast-seo-wordpress\/ -->\n<title>Reset Password | BrandBookPro AI - Brand Guide Maker<\/title>\n<meta name=\"description\" content=\"Reset your BrandBookPro AI password to regain access. Secure and fast password recovery for your brand guidelines generator.\" \/>\n<meta name=\"robots\" content=\"index, follow, max-snippet:-1, max-image-preview:large, max-video-preview:-1\" \/>\n<link rel=\"canonical\" href=\"https:\/\/brandbookpro.ai\/fr\/password-reset\/\" \/>\n<meta property=\"og:locale\" content=\"fr_FR\" \/>\n<meta property=\"og:type\" content=\"article\" \/>\n<meta property=\"og:title\" content=\"Reset Password | BrandBookPro AI - Brand Guide Maker\" \/>\n<meta property=\"og:description\" content=\"Reset your BrandBookPro AI password to regain access. Secure and fast password recovery for your brand guidelines generator.\" \/>\n<meta property=\"og:url\" content=\"https:\/\/brandbookpro.ai\/fr\/password-reset\/\" \/>\n<meta property=\"og:site_name\" content=\"BrandBookPro AI\" \/>\n<meta property=\"article:publisher\" content=\"https:\/\/www.facebook.com\/profile.php?id=61588467359888\" \/>\n<meta property=\"article:modified_time\" content=\"2026-02-27T10:40:44+00:00\" \/>\n<meta name=\"twitter:card\" content=\"summary_large_image\" \/>\n<meta name=\"twitter:label1\" content=\"Dur\u00e9e de lecture estim\u00e9e\" \/>\n\t<meta name=\"twitter:data1\" content=\"1 minute\" \/>\n<script type=\"application\/ld+json\" class=\"yoast-schema-graph\">{\"@context\":\"https:\/\/schema.org\",\"@graph\":[{\"@type\":\"WebPage\",\"@id\":\"https:\/\/brandbookpro.ai\/password-reset\/\",\"url\":\"https:\/\/brandbookpro.ai\/password-reset\/\",\"name\":\"Reset Password | BrandBookPro AI - Brand Guide Maker\",\"isPartOf\":{\"@id\":\"https:\/\/brandbookpro.ai\/#website\"},\"datePublished\":\"2026-02-11T09:26:14+00:00\",\"dateModified\":\"2026-02-27T10:40:44+00:00\",\"description\":\"Reset your BrandBookPro AI password to regain access. Secure and fast password recovery for your brand guidelines generator.\",\"breadcrumb\":{\"@id\":\"https:\/\/brandbookpro.ai\/password-reset\/#breadcrumb\"},\"inLanguage\":\"fr-FR\",\"potentialAction\":[{\"@type\":\"ReadAction\",\"target\":[\"https:\/\/brandbookpro.ai\/password-reset\/\"]}]},{\"@type\":\"BreadcrumbList\",\"@id\":\"https:\/\/brandbookpro.ai\/password-reset\/#breadcrumb\",\"itemListElement\":[{\"@type\":\"ListItem\",\"position\":1,\"name\":\"Home\",\"item\":\"https:\/\/brandbookpro.ai\/\"},{\"@type\":\"ListItem\",\"position\":2,\"name\":\"Password Reset\"}]},{\"@type\":\"WebSite\",\"@id\":\"https:\/\/brandbookpro.ai\/#website\",\"url\":\"https:\/\/brandbookpro.ai\/\",\"name\":\"BrandBookPro AI\",\"description\":\"Brand Guidelines Generator Powered by AI\",\"publisher\":{\"@id\":\"https:\/\/brandbookpro.ai\/#organization\"},\"potentialAction\":[{\"@type\":\"SearchAction\",\"target\":{\"@type\":\"EntryPoint\",\"urlTemplate\":\"https:\/\/brandbookpro.ai\/?s={search_term_string}\"},\"query-input\":{\"@type\":\"PropertyValueSpecification\",\"valueRequired\":true,\"valueName\":\"search_term_string\"}}],\"inLanguage\":\"fr-FR\"},{\"@type\":\"Organization\",\"@id\":\"https:\/\/brandbookpro.ai\/#organization\",\"name\":\"BrandBookPro AI\",\"url\":\"https:\/\/brandbookpro.ai\/\",\"logo\":{\"@type\":\"ImageObject\",\"inLanguage\":\"fr-FR\",\"@id\":\"https:\/\/brandbookpro.ai\/#\/schema\/logo\/image\/\",\"url\":\"https:\/\/brandbookpro.ai\/wp-content\/uploads\/2026\/02\/logo-brandbookpro-ai-positive-2x.png\",\"contentUrl\":\"https:\/\/brandbookpro.ai\/wp-content\/uploads\/2026\/02\/logo-brandbookpro-ai-positive-2x.png\",\"width\":500,\"height\":73,\"caption\":\"BrandBookPro AI\"},\"image\":{\"@id\":\"https:\/\/brandbookpro.ai\/#\/schema\/logo\/image\/\"},\"sameAs\":[\"https:\/\/www.facebook.com\/profile.php?id=61588467359888\",\"https:\/\/www.instagram.com\/brandbookproai\/\"]}]}<\/script>\n<!-- \/ Yoast SEO plugin. -->","yoast_head_json":{"title":"R\u00e9initialiser le mot de Passe | BrandBookPro AI","description":"R\u00e9initialisez votre mot de passe BrandBookPro AI. R\u00e9cup\u00e9ration s\u00e9curis\u00e9e et rapide pour acc\u00e9der \u00e0 votre g\u00e9n\u00e9rateur de charte graphique.","robots":{"index":"index","follow":"follow","max-snippet":"max-snippet:-1","max-image-preview":"max-image-preview:large","max-video-preview":"max-video-preview:-1"},"canonical":"https:\/\/brandbookpro.ai\/fr\/password-reset\/","og_locale":"fr_FR","og_type":"article","og_title":"Reset Password | BrandBookPro AI - Brand Guide Maker","og_description":"Reset your BrandBookPro AI password to regain access. Secure and fast password recovery for your brand guidelines generator.","og_url":"https:\/\/brandbookpro.ai\/fr\/password-reset\/","og_site_name":"BrandBookPro AI","article_publisher":"https:\/\/www.facebook.com\/profile.php?id=61588467359888","article_modified_time":"2026-02-27T10:40:44+00:00","twitter_card":"summary_large_image","twitter_misc":{"Dur\u00e9e de lecture estim\u00e9e":"1 minute"},"schema":{"@context":"https:\/\/schema.org","@graph":[{"@type":"WebPage","@id":"https:\/\/brandbookpro.ai\/password-reset\/","url":"https:\/\/brandbookpro.ai\/password-reset\/","name":"R\u00e9initialiser le mot de Passe | BrandBookPro AI","isPartOf":{"@id":"https:\/\/brandbookpro.ai\/#website"},"datePublished":"2026-02-11T09:26:14+00:00","dateModified":"2026-02-27T10:40:44+00:00","description":"R\u00e9initialisez votre mot de passe BrandBookPro AI. R\u00e9cup\u00e9ration s\u00e9curis\u00e9e et rapide pour acc\u00e9der \u00e0 votre g\u00e9n\u00e9rateur de charte graphique.","breadcrumb":{"@id":"https:\/\/brandbookpro.ai\/password-reset\/#breadcrumb"},"inLanguage":"fr-FR","potentialAction":[{"@type":"ReadAction","target":["https:\/\/brandbookpro.ai\/password-reset\/"]}]},{"@type":"BreadcrumbList","@id":"https:\/\/brandbookpro.ai\/password-reset\/#breadcrumb","itemListElement":[{"@type":"ListItem","position":1,"name":"Home","item":"https:\/\/brandbookpro.ai\/"},{"@type":"ListItem","position":2,"name":"Password Reset"}]},{"@type":"WebSite","@id":"https:\/\/brandbookpro.ai\/#website","url":"https:\/\/brandbookpro.ai\/","name":"BrandBookPro AI","description":"G\u00e9n\u00e9rateur de lignes directrices de marque aliment\u00e9 par l'IA","publisher":{"@id":"https:\/\/brandbookpro.ai\/#organization"},"potentialAction":[{"@type":"SearchAction","target":{"@type":"EntryPoint","urlTemplate":"https:\/\/brandbookpro.ai\/?s={search_term_string}"},"query-input":{"@type":"PropertyValueSpecification","valueRequired":true,"valueName":"search_term_string"}}],"inLanguage":"fr-FR"},{"@type":"Organization","@id":"https:\/\/brandbookpro.ai\/#organization","name":"BrandBookPro AI","url":"https:\/\/brandbookpro.ai\/","logo":{"@type":"ImageObject","inLanguage":"fr-FR","@id":"https:\/\/brandbookpro.ai\/#\/schema\/logo\/image\/","url":"https:\/\/brandbookpro.ai\/wp-content\/uploads\/2026\/02\/logo-brandbookpro-ai-positive-2x.png","contentUrl":"https:\/\/brandbookpro.ai\/wp-content\/uploads\/2026\/02\/logo-brandbookpro-ai-positive-2x.png","width":500,"height":73,"caption":"BrandBookPro AI"},"image":{"@id":"https:\/\/brandbookpro.ai\/#\/schema\/logo\/image\/"},"sameAs":["https:\/\/www.facebook.com\/profile.php?id=61588467359888","https:\/\/www.instagram.com\/brandbookproai\/"]}]}},"_links":{"self":[{"href":"https:\/\/brandbookpro.ai\/fr\/wp-json\/wp\/v2\/pages\/129","targetHints":{"allow":["GET"]}}],"collection":[{"href":"https:\/\/brandbookpro.ai\/fr\/wp-json\/wp\/v2\/pages"}],"about":[{"href":"https:\/\/brandbookpro.ai\/fr\/wp-json\/wp\/v2\/types\/page"}],"author":[{"embeddable":true,"href":"https:\/\/brandbookpro.ai\/fr\/wp-json\/wp\/v2\/users\/1"}],"replies":[{"embeddable":true,"href":"https:\/\/brandbookpro.ai\/fr\/wp-json\/wp\/v2\/comments?post=129"}],"version-history":[{"count":5,"href":"https:\/\/brandbookpro.ai\/fr\/wp-json\/wp\/v2\/pages\/129\/revisions"}],"predecessor-version":[{"id":296,"href":"https:\/\/brandbookpro.ai\/fr\/wp-json\/wp\/v2\/pages\/129\/revisions\/296"}],"wp:attachment":[{"href":"https:\/\/brandbookpro.ai\/fr\/wp-json\/wp\/v2\/media?parent=129"}],"curies":[{"name":"wp","href":"https:\/\/api.w.org\/{rel}","templated":true}]}}