{"id":317,"date":"2026-02-27T14:23:43","date_gmt":"2026-02-27T14:23:43","guid":{"rendered":"https:\/\/brandbookpro.ai\/?page_id=317"},"modified":"2026-02-27T22:41:34","modified_gmt":"2026-02-27T22:41:34","slug":"blog","status":"publish","type":"page","link":"https:\/\/brandbookpro.ai\/fr\/blog\/","title":{"rendered":"Blog"},"content":{"rendered":"<p><div class=\"fusion-fullwidth fullwidth-box fusion-builder-row-1 fusion-flex-container has-pattern-background has-mask-background nonhundred-percent-fullwidth non-hundred-percent-height-scrolling\" style=\"--awb-border-radius-top-left:0px;--awb-border-radius-top-right:0px;--awb-border-radius-bottom-right:0px;--awb-border-radius-bottom-left:0px;--awb-flex-wrap:wrap;\" ><div class=\"fusion-builder-row fusion-row fusion-flex-align-items-flex-start fusion-flex-content-wrap\" style=\"max-width:1248px;margin-left: calc(-4% \/ 2 );margin-right: calc(-4% \/ 2 );\"><div class=\"fusion-layout-column fusion_builder_column fusion-builder-column-0 fusion_builder_column_1_1 1_1 fusion-flex-column\" style=\"--awb-bg-size:cover;--awb-width-large:100%;--awb-margin-top-large:0px;--awb-spacing-right-large:1.92%;--awb-margin-bottom-large:40px;--awb-spacing-left-large:1.92%;--awb-width-medium:100%;--awb-order-medium:0;--awb-spacing-right-medium:1.92%;--awb-spacing-left-medium:1.92%;--awb-width-small:100%;--awb-order-small:0;--awb-spacing-right-small:1.92%;--awb-spacing-left-small:1.92%;\"><div class=\"fusion-column-wrapper fusion-column-has-shadow fusion-flex-justify-content-flex-start fusion-content-layout-column\"><div class=\"fusion-title title fusion-title-1 fusion-sep-none fusion-title-center fusion-title-text fusion-title-size-one\" style=\"--awb-font-size:38px;\"><h1 class=\"fusion-title-heading title-heading-center awb-gradient-text\" style=\"font-family:&quot;Raleway&quot;;font-style:normal;font-weight:700;margin:0;background-color:var(--awb-color2);background-image:linear-gradient(90deg, var(--awb-color2) 0%,var(--awb-color3) 100%);font-size:1em;line-height:2;\">Blog | Charte graphique et ressources pour la conception<\/h1><\/div><\/div><\/div><\/div><\/div><div class=\"fusion-fullwidth fullwidth-box fusion-builder-row-2 fusion-flex-container has-pattern-background has-mask-background nonhundred-percent-fullwidth non-hundred-percent-height-scrolling\" style=\"--link_hover_color: var(--awb-color2);--link_color: var(--awb-color1);--awb-border-radius-top-left:0px;--awb-border-radius-top-right:0px;--awb-border-radius-bottom-right:0px;--awb-border-radius-bottom-left:0px;--awb-flex-wrap:wrap;\" ><div class=\"fusion-builder-row fusion-row fusion-flex-align-items-flex-start fusion-flex-content-wrap\" style=\"max-width:1248px;margin-left: calc(-4% \/ 2 );margin-right: calc(-4% \/ 2 );\"><div class=\"fusion-layout-column fusion_builder_column fusion-builder-column-1 fusion_builder_column_1_1 1_1 fusion-flex-column\" style=\"--awb-bg-size:cover;--awb-width-large:100%;--awb-margin-top-large:0px;--awb-spacing-right-large:1.92%;--awb-margin-bottom-large:40px;--awb-spacing-left-large:1.92%;--awb-width-medium:100%;--awb-order-medium:0;--awb-spacing-right-medium:1.92%;--awb-spacing-left-medium:1.92%;--awb-width-small:100%;--awb-order-small:0;--awb-spacing-right-small:1.92%;--awb-spacing-left-small:1.92%;\"><div class=\"fusion-column-wrapper fusion-column-has-shadow fusion-flex-justify-content-flex-start fusion-content-layout-column\"><div class=\"fusion-blog-shortcode fusion-blog-shortcode-1 fusion-blog-archive fusion-blog-layout-grid-wrapper fusion-blog-no\" style=\"--awb-title-font-size:20px;\"><style type=\"text\/css\">.fusion-blog-shortcode-1 .fusion-blog-layout-grid .fusion-post-grid{padding:20px;}.fusion-blog-shortcode-1 .fusion-posts-container{margin-left: -20px !important; margin-right:-20px !important;}<\/style><div class=\"fusion-posts-container fusion-posts-container-no fusion-no-meta-info fusion-blog-layout-grid fusion-blog-layout-grid-3 isotope fusion-blog-equal-heights\" data-pages=\"0\" data-grid-col-space=\"40\" style=\"margin: -20px -20px 0;min-height:500px;\"><article id=\"blog-1-post-437\" class=\"fusion-post-grid post-437 post type-post status-publish format-standard has-post-thumbnail hentry category-uncategorized\">\n<div class=\"fusion-post-wrapper\" style=\"background-color:rgba(244,155,46,0.08);border:none;\">\n\n\t\t\t<div class=\"fusion-flexslider flexslider fusion-flexslider-loading fusion-post-slideshow\" style=\"border-color:rgba(255,255,255,0);\">\n\t\t<ul class=\"slides\">\n\t\t\t\n\t\t\t\t\t\t\t\t\t\t\t\t\t\t<li><div  class=\"fusion-image-wrapper\" aria-haspopup=\"true\">\n\t\t\t\t\t\t\t<a href=\"https:\/\/brandbookpro.ai\/fr\/brand-manual-generator-automate-your-brand-standards-documentation\/\" aria-label=\"G\u00e9n\u00e9rateur de manuels de marque\u00a0: automatisez votre documentation sur les normes de marque\">\n\t\t\t\t\t\t\t<img decoding=\"async\" width=\"695\" height=\"375\" src=\"https:\/\/brandbookpro.ai\/wp-content\/uploads\/2026\/03\/brand-manual-generator-automate-your-brand-standards-documentation.jpg\" class=\"attachment-full size-full wp-post-image\" alt=\"\" srcset=\"https:\/\/brandbookpro.ai\/wp-content\/uploads\/2026\/03\/brand-manual-generator-automate-your-brand-standards-documentation-200x108.jpg 200w, https:\/\/brandbookpro.ai\/wp-content\/uploads\/2026\/03\/brand-manual-generator-automate-your-brand-standards-documentation-400x216.jpg 400w, https:\/\/brandbookpro.ai\/wp-content\/uploads\/2026\/03\/brand-manual-generator-automate-your-brand-standards-documentation-600x324.jpg 600w, https:\/\/brandbookpro.ai\/wp-content\/uploads\/2026\/03\/brand-manual-generator-automate-your-brand-standards-documentation.jpg 695w\" sizes=\"(min-width: 2200px) 100vw, (min-width: 784px) 373px, (min-width: 712px) 560px, (min-width: 640px) 712px, \" \/>\t\t\t<\/a>\n\t\t\t\t\t\t\t<\/div>\n<\/li>\n\t\t\t\n\t\t\t\n\t\t\t\t\t\t\t\t\t\t\t\t\t\t\t\t\t\t\t\t\t\t\t\t\t\t\t\t\t\t\t\t\t\t\t\t\t\t\t\t\t\t\t\t\t\t\t\t\t\t\t\t\t\t\t\t\t\t\t\t\t\t\t\t\t\t\t\t<\/ul>\n\t<\/div>\n\t<div class=\"fusion-post-content-wrapper\" style=\"padding:30px 25px 25px 25px;\"><div class=\"fusion-post-content post-content\"><h2 class=\"blog-shortcode-post-title entry-title\"><a href=\"https:\/\/brandbookpro.ai\/fr\/brand-manual-generator-automate-your-brand-standards-documentation\/\">G\u00e9n\u00e9rateur de manuels de marque\u00a0: automatisez votre documentation sur les normes de marque<\/a><\/h2><\/div><\/div><div class=\"fusion-clearfix\"><\/div><\/div>\n<\/article>\n<article id=\"blog-1-post-433\" class=\"fusion-post-grid post-433 post type-post status-publish format-standard has-post-thumbnail hentry category-uncategorized\">\n<div class=\"fusion-post-wrapper\" style=\"background-color:rgba(244,155,46,0.08);border:none;\">\n\n\t\t\t<div class=\"fusion-flexslider flexslider fusion-flexslider-loading fusion-post-slideshow\" style=\"border-color:rgba(255,255,255,0);\">\n\t\t<ul class=\"slides\">\n\t\t\t\n\t\t\t\t\t\t\t\t\t\t\t\t\t\t<li><div  class=\"fusion-image-wrapper\" aria-haspopup=\"true\">\n\t\t\t\t\t\t\t<a href=\"https:\/\/brandbookpro.ai\/fr\/visual-identity-guide-maker-complete-brand-systems-made-simple\/\" aria-label=\"Cr\u00e9ateur de guides d&#039;identit\u00e9 visuelle\u00a0: des syst\u00e8mes de marque complets simplifi\u00e9s\">\n\t\t\t\t\t\t\t<img decoding=\"async\" width=\"695\" height=\"375\" src=\"https:\/\/brandbookpro.ai\/wp-content\/uploads\/2026\/03\/visual-identity-guide-maker-complete-brand-systems-made-simple.jpg\" class=\"attachment-full size-full wp-post-image\" alt=\"\" srcset=\"https:\/\/brandbookpro.ai\/wp-content\/uploads\/2026\/03\/visual-identity-guide-maker-complete-brand-systems-made-simple-200x108.jpg 200w, https:\/\/brandbookpro.ai\/wp-content\/uploads\/2026\/03\/visual-identity-guide-maker-complete-brand-systems-made-simple-400x216.jpg 400w, https:\/\/brandbookpro.ai\/wp-content\/uploads\/2026\/03\/visual-identity-guide-maker-complete-brand-systems-made-simple-600x324.jpg 600w, https:\/\/brandbookpro.ai\/wp-content\/uploads\/2026\/03\/visual-identity-guide-maker-complete-brand-systems-made-simple.jpg 695w\" sizes=\"(min-width: 2200px) 100vw, (min-width: 784px) 373px, (min-width: 712px) 560px, (min-width: 640px) 712px, \" \/>\t\t\t<\/a>\n\t\t\t\t\t\t\t<\/div>\n<\/li>\n\t\t\t\n\t\t\t\n\t\t\t\t\t\t\t\t\t\t\t\t\t\t\t\t\t\t\t\t\t\t\t\t\t\t\t\t\t\t\t\t\t\t\t\t\t\t\t\t\t\t\t\t\t\t\t\t\t\t\t\t\t\t\t\t\t\t\t\t\t\t\t\t\t\t\t\t<\/ul>\n\t<\/div>\n\t<div class=\"fusion-post-content-wrapper\" style=\"padding:30px 25px 25px 25px;\"><div class=\"fusion-post-content post-content\"><h2 class=\"blog-shortcode-post-title entry-title\"><a href=\"https:\/\/brandbookpro.ai\/fr\/visual-identity-guide-maker-complete-brand-systems-made-simple\/\">Cr\u00e9ateur de guides d&#039;identit\u00e9 visuelle\u00a0: des syst\u00e8mes de marque complets simplifi\u00e9s<\/a><\/h2><\/div><\/div><div class=\"fusion-clearfix\"><\/div><\/div>\n<\/article>\n<article id=\"blog-1-post-426\" class=\"fusion-post-grid post-426 post type-post status-publish format-standard has-post-thumbnail hentry category-uncategorized\">\n<div class=\"fusion-post-wrapper\" style=\"background-color:rgba(244,155,46,0.08);border:none;\">\n\n\t\t\t<div class=\"fusion-flexslider flexslider fusion-flexslider-loading fusion-post-slideshow\" style=\"border-color:rgba(255,255,255,0);\">\n\t\t<ul class=\"slides\">\n\t\t\t\n\t\t\t\t\t\t\t\t\t\t\t\t\t\t<li><div  class=\"fusion-image-wrapper\" aria-haspopup=\"true\">\n\t\t\t\t\t\t\t<a href=\"https:\/\/brandbookpro.ai\/fr\/brand-style-guide-generator-your-complete-guide-to-automated-brand-documentation\/\" aria-label=\"G\u00e9n\u00e9rateur de charte graphique\u00a0: Votre guide complet pour la documentation de marque automatis\u00e9e\">\n\t\t\t\t\t\t\t<img decoding=\"async\" width=\"695\" height=\"375\" src=\"https:\/\/brandbookpro.ai\/wp-content\/uploads\/2026\/03\/brand-style-guide-generator.jpeg\" class=\"attachment-full size-full wp-post-image\" alt=\"\" srcset=\"https:\/\/brandbookpro.ai\/wp-content\/uploads\/2026\/03\/brand-style-guide-generator-200x108.jpeg 200w, https:\/\/brandbookpro.ai\/wp-content\/uploads\/2026\/03\/brand-style-guide-generator-400x216.jpeg 400w, https:\/\/brandbookpro.ai\/wp-content\/uploads\/2026\/03\/brand-style-guide-generator-600x324.jpeg 600w, https:\/\/brandbookpro.ai\/wp-content\/uploads\/2026\/03\/brand-style-guide-generator.jpeg 695w\" sizes=\"(min-width: 2200px) 100vw, (min-width: 784px) 373px, (min-width: 712px) 560px, (min-width: 640px) 712px, \" \/>\t\t\t<\/a>\n\t\t\t\t\t\t\t<\/div>\n<\/li>\n\t\t\t\n\t\t\t\n\t\t\t\t\t\t\t\t\t\t\t\t\t\t\t\t\t\t\t\t\t\t\t\t\t\t\t\t\t\t\t\t\t\t\t\t\t\t\t\t\t\t\t\t\t\t\t\t\t\t\t\t\t\t\t\t\t\t\t\t\t\t\t\t\t\t\t\t<\/ul>\n\t<\/div>\n\t<div class=\"fusion-post-content-wrapper\" style=\"padding:30px 25px 25px 25px;\"><div class=\"fusion-post-content post-content\"><h2 class=\"blog-shortcode-post-title entry-title\"><a href=\"https:\/\/brandbookpro.ai\/fr\/brand-style-guide-generator-your-complete-guide-to-automated-brand-documentation\/\">G\u00e9n\u00e9rateur de charte graphique\u00a0: Votre guide complet pour la documentation de marque automatis\u00e9e<\/a><\/h2><\/div><\/div><div class=\"fusion-clearfix\"><\/div><\/div>\n<\/article>\n<article id=\"blog-1-post-401\" class=\"fusion-post-grid post-401 post type-post status-publish format-standard has-post-thumbnail hentry category-uncategorized\">\n<div class=\"fusion-post-wrapper\" style=\"background-color:rgba(244,155,46,0.08);border:none;\">\n\n\t\t\t<div class=\"fusion-flexslider flexslider fusion-flexslider-loading fusion-post-slideshow\" style=\"border-color:rgba(255,255,255,0);\">\n\t\t<ul class=\"slides\">\n\t\t\t\n\t\t\t\t\t\t\t\t\t\t\t\t\t\t<li><div  class=\"fusion-image-wrapper\" aria-haspopup=\"true\">\n\t\t\t\t\t\t\t<a href=\"https:\/\/brandbookpro.ai\/fr\/brand-book-creator\/\" aria-label=\"Cr\u00e9ateur de charte graphique : comment cr\u00e9er des chartes graphiques professionnelles gr\u00e2ce \u00e0 l&#039;IA\">\n\t\t\t\t\t\t\t<img decoding=\"async\" width=\"695\" height=\"375\" src=\"https:\/\/brandbookpro.ai\/wp-content\/uploads\/2026\/03\/brand-book-creator-ai-brand-manual-guide.jpeg\" class=\"attachment-full size-full wp-post-image\" alt=\"\" srcset=\"https:\/\/brandbookpro.ai\/wp-content\/uploads\/2026\/03\/brand-book-creator-ai-brand-manual-guide-200x108.jpeg 200w, https:\/\/brandbookpro.ai\/wp-content\/uploads\/2026\/03\/brand-book-creator-ai-brand-manual-guide-400x216.jpeg 400w, https:\/\/brandbookpro.ai\/wp-content\/uploads\/2026\/03\/brand-book-creator-ai-brand-manual-guide-600x324.jpeg 600w, https:\/\/brandbookpro.ai\/wp-content\/uploads\/2026\/03\/brand-book-creator-ai-brand-manual-guide.jpeg 695w\" sizes=\"(min-width: 2200px) 100vw, (min-width: 784px) 373px, (min-width: 712px) 560px, (min-width: 640px) 712px, \" \/>\t\t\t<\/a>\n\t\t\t\t\t\t\t<\/div>\n<\/li>\n\t\t\t\n\t\t\t\n\t\t\t\t\t\t\t\t\t\t\t\t\t\t\t\t\t\t\t\t\t\t\t\t\t\t\t\t\t\t\t\t\t\t\t\t\t\t\t\t\t\t\t\t\t\t\t\t\t\t\t\t\t\t\t\t\t\t\t\t\t\t\t\t\t\t\t\t<\/ul>\n\t<\/div>\n\t<div class=\"fusion-post-content-wrapper\" style=\"padding:30px 25px 25px 25px;\"><div class=\"fusion-post-content post-content\"><h2 class=\"blog-shortcode-post-title entry-title\"><a href=\"https:\/\/brandbookpro.ai\/fr\/brand-book-creator\/\">Cr\u00e9ateur de charte graphique : comment cr\u00e9er des chartes graphiques professionnelles gr\u00e2ce \u00e0 l'IA<\/a><\/h2><\/div><\/div><div class=\"fusion-clearfix\"><\/div><\/div>\n<\/article>\n<article id=\"blog-1-post-298\" class=\"fusion-post-grid post-298 post type-post status-publish format-standard has-post-thumbnail hentry category-uncategorized\">\n<div class=\"fusion-post-wrapper\" style=\"background-color:rgba(244,155,46,0.08);border:none;\">\n\n\t\t\t<div class=\"fusion-flexslider flexslider fusion-flexslider-loading fusion-post-slideshow\" style=\"border-color:rgba(255,255,255,0);\">\n\t\t<ul class=\"slides\">\n\t\t\t\n\t\t\t\t\t\t\t\t\t\t\t\t\t\t<li><div  class=\"fusion-image-wrapper\" aria-haspopup=\"true\">\n\t\t\t\t\t\t\t<a href=\"https:\/\/brandbookpro.ai\/fr\/brand-guidelines-generator\/\" aria-label=\"G\u00e9n\u00e9rateur de charte graphique : Cr\u00e9er des chartes professionnelles en quelques minutes\">\n\t\t\t\t\t\t\t<img decoding=\"async\" width=\"695\" height=\"375\" src=\"https:\/\/brandbookpro.ai\/wp-content\/uploads\/2026\/02\/ai-brand-guidelines-generator-brand-book-creation.jpeg\" class=\"attachment-full size-full wp-post-image\" alt=\"\" srcset=\"https:\/\/brandbookpro.ai\/wp-content\/uploads\/2026\/02\/ai-brand-guidelines-generator-brand-book-creation-200x108.jpeg 200w, https:\/\/brandbookpro.ai\/wp-content\/uploads\/2026\/02\/ai-brand-guidelines-generator-brand-book-creation-400x216.jpeg 400w, https:\/\/brandbookpro.ai\/wp-content\/uploads\/2026\/02\/ai-brand-guidelines-generator-brand-book-creation-600x324.jpeg 600w, https:\/\/brandbookpro.ai\/wp-content\/uploads\/2026\/02\/ai-brand-guidelines-generator-brand-book-creation.jpeg 695w\" sizes=\"(min-width: 2200px) 100vw, (min-width: 784px) 373px, (min-width: 712px) 560px, (min-width: 640px) 712px, \" \/>\t\t\t<\/a>\n\t\t\t\t\t\t\t<\/div>\n<\/li>\n\t\t\t\n\t\t\t\n\t\t\t\t\t\t\t\t\t\t\t\t\t\t\t\t\t\t\t\t\t\t\t\t\t\t\t\t\t\t\t\t\t\t\t\t\t\t\t\t\t\t\t\t\t\t\t\t\t\t\t\t\t\t\t\t\t\t\t\t\t\t\t\t\t\t\t\t<\/ul>\n\t<\/div>\n\t<div class=\"fusion-post-content-wrapper\" style=\"padding:30px 25px 25px 25px;\"><div class=\"fusion-post-content post-content\"><h2 class=\"blog-shortcode-post-title entry-title\"><a href=\"https:\/\/brandbookpro.ai\/fr\/brand-guidelines-generator\/\">G\u00e9n\u00e9rateur de charte graphique : Cr\u00e9er des chartes professionnelles en quelques minutes<\/a><\/h2><\/div><\/div><div class=\"fusion-clearfix\"><\/div><\/div>\n<\/article>\n<div class=\"fusion-clearfix\"><\/div><\/div><\/div><\/div><\/div><\/div><\/div><\/p>","protected":false},"excerpt":{"rendered":"","protected":false},"author":1,"featured_media":0,"parent":0,"menu_order":0,"comment_status":"closed","ping_status":"closed","template":"100-width.php","meta":{"footnotes":""},"class_list":["post-317","page","type-page","status-publish","hentry"],"yoast_head":"<!-- This site is optimized with the Yoast SEO plugin v27.2 - https:\/\/yoast.com\/product\/yoast-seo-wordpress\/ -->\n<title>Brand Guidelines &amp; Design Resources | BrandBookPro AI<\/title>\n<meta name=\"description\" content=\"Expert insights on brand guidelines, visual identity, and AI-powered design tools. Learn how to create professional brand documentation.\" \/>\n<meta name=\"robots\" content=\"index, follow, max-snippet:-1, max-image-preview:large, max-video-preview:-1\" \/>\n<link rel=\"canonical\" href=\"https:\/\/brandbookpro.ai\/fr\/blog\/\" \/>\n<meta property=\"og:locale\" content=\"fr_FR\" \/>\n<meta property=\"og:type\" content=\"article\" \/>\n<meta property=\"og:title\" content=\"Brand Guidelines &amp; Design Resources | BrandBookPro AI\" \/>\n<meta property=\"og:description\" content=\"Expert insights on brand guidelines, visual identity, and AI-powered design tools. Learn how to create professional brand documentation.\" \/>\n<meta property=\"og:url\" content=\"https:\/\/brandbookpro.ai\/fr\/blog\/\" \/>\n<meta property=\"og:site_name\" content=\"BrandBookPro AI\" \/>\n<meta property=\"article:publisher\" content=\"https:\/\/www.facebook.com\/profile.php?id=61588467359888\" \/>\n<meta property=\"article:modified_time\" content=\"2026-02-27T22:41:34+00:00\" \/>\n<meta name=\"twitter:card\" content=\"summary_large_image\" \/>\n<meta name=\"twitter:label1\" content=\"Dur\u00e9e de lecture estim\u00e9e\" \/>\n\t<meta name=\"twitter:data1\" content=\"1 minute\" \/>\n<script type=\"application\/ld+json\" class=\"yoast-schema-graph\">{\"@context\":\"https:\/\/schema.org\",\"@graph\":[{\"@type\":\"WebPage\",\"@id\":\"https:\/\/brandbookpro.ai\/blog\/\",\"url\":\"https:\/\/brandbookpro.ai\/blog\/\",\"name\":\"Brand Guidelines & Design Resources | BrandBookPro AI\",\"isPartOf\":{\"@id\":\"https:\/\/brandbookpro.ai\/#website\"},\"datePublished\":\"2026-02-27T14:23:43+00:00\",\"dateModified\":\"2026-02-27T22:41:34+00:00\",\"description\":\"Expert insights on brand guidelines, visual identity, and AI-powered design tools. Learn how to create professional brand documentation.\",\"breadcrumb\":{\"@id\":\"https:\/\/brandbookpro.ai\/blog\/#breadcrumb\"},\"inLanguage\":\"fr-FR\",\"potentialAction\":[{\"@type\":\"ReadAction\",\"target\":[\"https:\/\/brandbookpro.ai\/blog\/\"]}]},{\"@type\":\"BreadcrumbList\",\"@id\":\"https:\/\/brandbookpro.ai\/blog\/#breadcrumb\",\"itemListElement\":[{\"@type\":\"ListItem\",\"position\":1,\"name\":\"Home\",\"item\":\"https:\/\/brandbookpro.ai\/\"},{\"@type\":\"ListItem\",\"position\":2,\"name\":\"Blog\"}]},{\"@type\":\"WebSite\",\"@id\":\"https:\/\/brandbookpro.ai\/#website\",\"url\":\"https:\/\/brandbookpro.ai\/\",\"name\":\"BrandBookPro AI\",\"description\":\"Brand Guidelines Generator Powered by AI\",\"publisher\":{\"@id\":\"https:\/\/brandbookpro.ai\/#organization\"},\"potentialAction\":[{\"@type\":\"SearchAction\",\"target\":{\"@type\":\"EntryPoint\",\"urlTemplate\":\"https:\/\/brandbookpro.ai\/?s={search_term_string}\"},\"query-input\":{\"@type\":\"PropertyValueSpecification\",\"valueRequired\":true,\"valueName\":\"search_term_string\"}}],\"inLanguage\":\"fr-FR\"},{\"@type\":\"Organization\",\"@id\":\"https:\/\/brandbookpro.ai\/#organization\",\"name\":\"BrandBookPro AI\",\"url\":\"https:\/\/brandbookpro.ai\/\",\"logo\":{\"@type\":\"ImageObject\",\"inLanguage\":\"fr-FR\",\"@id\":\"https:\/\/brandbookpro.ai\/#\/schema\/logo\/image\/\",\"url\":\"https:\/\/brandbookpro.ai\/wp-content\/uploads\/2026\/02\/logo-brandbookpro-ai-positive-2x.png\",\"contentUrl\":\"https:\/\/brandbookpro.ai\/wp-content\/uploads\/2026\/02\/logo-brandbookpro-ai-positive-2x.png\",\"width\":500,\"height\":73,\"caption\":\"BrandBookPro AI\"},\"image\":{\"@id\":\"https:\/\/brandbookpro.ai\/#\/schema\/logo\/image\/\"},\"sameAs\":[\"https:\/\/www.facebook.com\/profile.php?id=61588467359888\",\"https:\/\/www.instagram.com\/brandbookproai\/\"]}]}<\/script>\n<!-- \/ Yoast SEO plugin. -->","yoast_head_json":{"title":"Chartes Graphiques &amp; Design | BrandBookPro AI","description":"Guides experts sur les chartes graphiques, l'identit\u00e9 visuelle et les outils IA. Apprenez \u00e0 cr\u00e9er une documentation de marque professionnelle.","robots":{"index":"index","follow":"follow","max-snippet":"max-snippet:-1","max-image-preview":"max-image-preview:large","max-video-preview":"max-video-preview:-1"},"canonical":"https:\/\/brandbookpro.ai\/fr\/blog\/","og_locale":"fr_FR","og_type":"article","og_title":"Brand Guidelines & Design Resources | BrandBookPro AI","og_description":"Expert insights on brand guidelines, visual identity, and AI-powered design tools. Learn how to create professional brand documentation.","og_url":"https:\/\/brandbookpro.ai\/fr\/blog\/","og_site_name":"BrandBookPro AI","article_publisher":"https:\/\/www.facebook.com\/profile.php?id=61588467359888","article_modified_time":"2026-02-27T22:41:34+00:00","twitter_card":"summary_large_image","twitter_misc":{"Dur\u00e9e de lecture estim\u00e9e":"1 minute"},"schema":{"@context":"https:\/\/schema.org","@graph":[{"@type":"WebPage","@id":"https:\/\/brandbookpro.ai\/blog\/","url":"https:\/\/brandbookpro.ai\/blog\/","name":"Chartes Graphiques &amp; Design | BrandBookPro AI","isPartOf":{"@id":"https:\/\/brandbookpro.ai\/#website"},"datePublished":"2026-02-27T14:23:43+00:00","dateModified":"2026-02-27T22:41:34+00:00","description":"Guides experts sur les chartes graphiques, l'identit\u00e9 visuelle et les outils IA. Apprenez \u00e0 cr\u00e9er une documentation de marque professionnelle.","breadcrumb":{"@id":"https:\/\/brandbookpro.ai\/blog\/#breadcrumb"},"inLanguage":"fr-FR","potentialAction":[{"@type":"ReadAction","target":["https:\/\/brandbookpro.ai\/blog\/"]}]},{"@type":"BreadcrumbList","@id":"https:\/\/brandbookpro.ai\/blog\/#breadcrumb","itemListElement":[{"@type":"ListItem","position":1,"name":"Home","item":"https:\/\/brandbookpro.ai\/"},{"@type":"ListItem","position":2,"name":"Blog"}]},{"@type":"WebSite","@id":"https:\/\/brandbookpro.ai\/#website","url":"https:\/\/brandbookpro.ai\/","name":"BrandBookPro AI","description":"G\u00e9n\u00e9rateur de lignes directrices de marque aliment\u00e9 par l'IA","publisher":{"@id":"https:\/\/brandbookpro.ai\/#organization"},"potentialAction":[{"@type":"SearchAction","target":{"@type":"EntryPoint","urlTemplate":"https:\/\/brandbookpro.ai\/?s={search_term_string}"},"query-input":{"@type":"PropertyValueSpecification","valueRequired":true,"valueName":"search_term_string"}}],"inLanguage":"fr-FR"},{"@type":"Organization","@id":"https:\/\/brandbookpro.ai\/#organization","name":"BrandBookPro AI","url":"https:\/\/brandbookpro.ai\/","logo":{"@type":"ImageObject","inLanguage":"fr-FR","@id":"https:\/\/brandbookpro.ai\/#\/schema\/logo\/image\/","url":"https:\/\/brandbookpro.ai\/wp-content\/uploads\/2026\/02\/logo-brandbookpro-ai-positive-2x.png","contentUrl":"https:\/\/brandbookpro.ai\/wp-content\/uploads\/2026\/02\/logo-brandbookpro-ai-positive-2x.png","width":500,"height":73,"caption":"BrandBookPro AI"},"image":{"@id":"https:\/\/brandbookpro.ai\/#\/schema\/logo\/image\/"},"sameAs":["https:\/\/www.facebook.com\/profile.php?id=61588467359888","https:\/\/www.instagram.com\/brandbookproai\/"]}]}},"_links":{"self":[{"href":"https:\/\/brandbookpro.ai\/fr\/wp-json\/wp\/v2\/pages\/317","targetHints":{"allow":["GET"]}}],"collection":[{"href":"https:\/\/brandbookpro.ai\/fr\/wp-json\/wp\/v2\/pages"}],"about":[{"href":"https:\/\/brandbookpro.ai\/fr\/wp-json\/wp\/v2\/types\/page"}],"author":[{"embeddable":true,"href":"https:\/\/brandbookpro.ai\/fr\/wp-json\/wp\/v2\/users\/1"}],"replies":[{"embeddable":true,"href":"https:\/\/brandbookpro.ai\/fr\/wp-json\/wp\/v2\/comments?post=317"}],"version-history":[{"count":8,"href":"https:\/\/brandbookpro.ai\/fr\/wp-json\/wp\/v2\/pages\/317\/revisions"}],"predecessor-version":[{"id":390,"href":"https:\/\/brandbookpro.ai\/fr\/wp-json\/wp\/v2\/pages\/317\/revisions\/390"}],"wp:attachment":[{"href":"https:\/\/brandbookpro.ai\/fr\/wp-json\/wp\/v2\/media?parent=317"}],"curies":[{"name":"wp","href":"https:\/\/api.w.org\/{rel}","templated":true}]}}